

{"id":486,"date":"2018-02-16T13:39:50","date_gmt":"2018-02-16T12:39:50","guid":{"rendered":"https:\/\/www.soparco.com\/?page_id=486"},"modified":"2019-07-23T11:02:44","modified_gmt":"2019-07-23T09:02:44","slug":"wer-sind-wir","status":"publish","type":"page","link":"https:\/\/www.soparco.com\/de\/wer-sind-wir\/","title":{"rendered":"50 Jahre Know-How"},"content":{"rendered":"<p>Seit \u00fcber 50 Jahren ist es f\u00fcr SOPARCO eine Selbstverst\u00e4ndlichkeit in den Gartenbau zu investieren und sich st\u00e4ndig weiter zu entwickeln.<\/p>\n<p>Unsere familiengef\u00fchrte franz\u00f6sische Industriegruppe st\u00fctzt sich auf zuverl\u00e4ssige Werte\u00a0: Markt- und Kundenn\u00e4he,\u00a0 Kundenservice, Know-How und\u00a0 Schutz der Umwelt.<\/p>\n<p>Als Marktf\u00fchrer in Frankreich und aktiv in ganz Europa bieten wir weltweit marktgerechte und innovative L\u00f6sungen f\u00fcr die Gr\u00fcne Branche an.<\/p>\n<h1>Think Green&#8230; Think SOPARCO<\/h1>\n","protected":false},"excerpt":{"rendered":"<p>Seit \u00fcber 50 Jahren ist es f\u00fcr SOPARCO eine Selbstverst\u00e4ndlichkeit in den Gartenbau zu investieren und sich st\u00e4ndig weiter zu entwickeln. Unsere familiengef\u00fchrte franz\u00f6sische Industriegruppe st\u00fctzt sich auf zuverl\u00e4ssige Werte\u00a0: Markt- und Kundenn\u00e4he,\u00a0 Kundenservice, Know-How und\u00a0 Schutz der Umwelt. Als Marktf\u00fchrer in Frankreich und aktiv in ganz Europa bieten wir weltweit marktgerechte und innovative L\u00f6sungen [&hellip;]<\/p>\n","protected":false},"author":1,"featured_media":85,"parent":0,"menu_order":0,"comment_status":"closed","ping_status":"open","template":"page-presentation.php","meta":{"_acf_changed":false,"footnotes":""},"class_list":["post-486","page","type-page","status-publish","has-post-thumbnail","hentry"],"acf":[],"yoast_head":"<!-- This site is optimized with the Yoast SEO plugin v27.2 - https:\/\/yoast.com\/product\/yoast-seo-wordpress\/ -->\n<title>50 Jahre Know-How - Soparco<\/title>\n<meta name=\"robots\" content=\"index, follow, max-snippet:-1, max-image-preview:large, max-video-preview:-1\" \/>\n<link rel=\"canonical\" href=\"https:\/\/www.soparco.com\/de\/wer-sind-wir\/\" \/>\n<meta property=\"og:locale\" content=\"de_DE\" \/>\n<meta property=\"og:type\" content=\"article\" \/>\n<meta property=\"og:title\" content=\"50 Jahre Know-How - Soparco\" \/>\n<meta property=\"og:description\" content=\"Seit \u00fcber 50 Jahren ist es f\u00fcr SOPARCO eine Selbstverst\u00e4ndlichkeit in den Gartenbau zu investieren und sich st\u00e4ndig weiter zu entwickeln. Unsere familiengef\u00fchrte franz\u00f6sische Industriegruppe st\u00fctzt sich auf zuverl\u00e4ssige Werte\u00a0: Markt- und Kundenn\u00e4he,\u00a0 Kundenservice, Know-How und\u00a0 Schutz der Umwelt. Als Marktf\u00fchrer in Frankreich und aktiv in ganz Europa bieten wir weltweit marktgerechte und innovative L\u00f6sungen [&hellip;]\" \/>\n<meta property=\"og:url\" content=\"https:\/\/www.soparco.com\/de\/wer-sind-wir\/\" \/>\n<meta property=\"og:site_name\" content=\"Soparco\" \/>\n<meta property=\"article:modified_time\" content=\"2019-07-23T09:02:44+00:00\" \/>\n<meta property=\"og:image\" content=\"https:\/\/www.soparco.com\/wp-content\/uploads\/2017\/04\/vue_aerienne.jpg\" \/>\n\t<meta property=\"og:image:width\" content=\"721\" \/>\n\t<meta property=\"og:image:height\" content=\"327\" \/>\n\t<meta property=\"og:image:type\" content=\"image\/jpeg\" \/>\n<meta name=\"twitter:card\" content=\"summary_large_image\" \/>\n<script type=\"application\/ld+json\" class=\"yoast-schema-graph\">{\"@context\":\"https:\/\/schema.org\",\"@graph\":[{\"@type\":\"WebPage\",\"@id\":\"https:\/\/www.soparco.com\/de\/wer-sind-wir\/\",\"url\":\"https:\/\/www.soparco.com\/de\/wer-sind-wir\/\",\"name\":\"50 Jahre Know-How - Soparco\",\"isPartOf\":{\"@id\":\"https:\/\/www.soparco.com\/#website\"},\"primaryImageOfPage\":{\"@id\":\"https:\/\/www.soparco.com\/de\/wer-sind-wir\/#primaryimage\"},\"image\":{\"@id\":\"https:\/\/www.soparco.com\/de\/wer-sind-wir\/#primaryimage\"},\"thumbnailUrl\":\"https:\/\/www.soparco.com\/wp-content\/uploads\/2017\/04\/vue_aerienne.jpg\",\"datePublished\":\"2018-02-16T12:39:50+00:00\",\"dateModified\":\"2019-07-23T09:02:44+00:00\",\"breadcrumb\":{\"@id\":\"https:\/\/www.soparco.com\/de\/wer-sind-wir\/#breadcrumb\"},\"inLanguage\":\"de\",\"potentialAction\":[{\"@type\":\"ReadAction\",\"target\":[\"https:\/\/www.soparco.com\/de\/wer-sind-wir\/\"]}]},{\"@type\":\"ImageObject\",\"inLanguage\":\"de\",\"@id\":\"https:\/\/www.soparco.com\/de\/wer-sind-wir\/#primaryimage\",\"url\":\"https:\/\/www.soparco.com\/wp-content\/uploads\/2017\/04\/vue_aerienne.jpg\",\"contentUrl\":\"https:\/\/www.soparco.com\/wp-content\/uploads\/2017\/04\/vue_aerienne.jpg\",\"width\":721,\"height\":327},{\"@type\":\"BreadcrumbList\",\"@id\":\"https:\/\/www.soparco.com\/de\/wer-sind-wir\/#breadcrumb\",\"itemListElement\":[{\"@type\":\"ListItem\",\"position\":1,\"name\":\"Accueil\",\"item\":\"https:\/\/www.soparco.com\/\"},{\"@type\":\"ListItem\",\"position\":2,\"name\":\"50 Jahre Know-How\"}]},{\"@type\":\"WebSite\",\"@id\":\"https:\/\/www.soparco.com\/#website\",\"url\":\"https:\/\/www.soparco.com\/\",\"name\":\"Soparco\",\"description\":\"Leader fran\u00e7ais du pot en plastique\",\"potentialAction\":[{\"@type\":\"SearchAction\",\"target\":{\"@type\":\"EntryPoint\",\"urlTemplate\":\"https:\/\/www.soparco.com\/?s={search_term_string}\"},\"query-input\":{\"@type\":\"PropertyValueSpecification\",\"valueRequired\":true,\"valueName\":\"search_term_string\"}}],\"inLanguage\":\"de\"}]}<\/script>\n<!-- \/ Yoast SEO plugin. -->","yoast_head_json":{"title":"50 Jahre Know-How - Soparco","robots":{"index":"index","follow":"follow","max-snippet":"max-snippet:-1","max-image-preview":"max-image-preview:large","max-video-preview":"max-video-preview:-1"},"canonical":"https:\/\/www.soparco.com\/de\/wer-sind-wir\/","og_locale":"de_DE","og_type":"article","og_title":"50 Jahre Know-How - Soparco","og_description":"Seit \u00fcber 50 Jahren ist es f\u00fcr SOPARCO eine Selbstverst\u00e4ndlichkeit in den Gartenbau zu investieren und sich st\u00e4ndig weiter zu entwickeln. Unsere familiengef\u00fchrte franz\u00f6sische Industriegruppe st\u00fctzt sich auf zuverl\u00e4ssige Werte\u00a0: Markt- und Kundenn\u00e4he,\u00a0 Kundenservice, Know-How und\u00a0 Schutz der Umwelt. Als Marktf\u00fchrer in Frankreich und aktiv in ganz Europa bieten wir weltweit marktgerechte und innovative L\u00f6sungen [&hellip;]","og_url":"https:\/\/www.soparco.com\/de\/wer-sind-wir\/","og_site_name":"Soparco","article_modified_time":"2019-07-23T09:02:44+00:00","og_image":[{"width":721,"height":327,"url":"https:\/\/www.soparco.com\/wp-content\/uploads\/2017\/04\/vue_aerienne.jpg","type":"image\/jpeg"}],"twitter_card":"summary_large_image","schema":{"@context":"https:\/\/schema.org","@graph":[{"@type":"WebPage","@id":"https:\/\/www.soparco.com\/de\/wer-sind-wir\/","url":"https:\/\/www.soparco.com\/de\/wer-sind-wir\/","name":"50 Jahre Know-How - Soparco","isPartOf":{"@id":"https:\/\/www.soparco.com\/#website"},"primaryImageOfPage":{"@id":"https:\/\/www.soparco.com\/de\/wer-sind-wir\/#primaryimage"},"image":{"@id":"https:\/\/www.soparco.com\/de\/wer-sind-wir\/#primaryimage"},"thumbnailUrl":"https:\/\/www.soparco.com\/wp-content\/uploads\/2017\/04\/vue_aerienne.jpg","datePublished":"2018-02-16T12:39:50+00:00","dateModified":"2019-07-23T09:02:44+00:00","breadcrumb":{"@id":"https:\/\/www.soparco.com\/de\/wer-sind-wir\/#breadcrumb"},"inLanguage":"de","potentialAction":[{"@type":"ReadAction","target":["https:\/\/www.soparco.com\/de\/wer-sind-wir\/"]}]},{"@type":"ImageObject","inLanguage":"de","@id":"https:\/\/www.soparco.com\/de\/wer-sind-wir\/#primaryimage","url":"https:\/\/www.soparco.com\/wp-content\/uploads\/2017\/04\/vue_aerienne.jpg","contentUrl":"https:\/\/www.soparco.com\/wp-content\/uploads\/2017\/04\/vue_aerienne.jpg","width":721,"height":327},{"@type":"BreadcrumbList","@id":"https:\/\/www.soparco.com\/de\/wer-sind-wir\/#breadcrumb","itemListElement":[{"@type":"ListItem","position":1,"name":"Accueil","item":"https:\/\/www.soparco.com\/"},{"@type":"ListItem","position":2,"name":"50 Jahre Know-How"}]},{"@type":"WebSite","@id":"https:\/\/www.soparco.com\/#website","url":"https:\/\/www.soparco.com\/","name":"Soparco","description":"Leader fran\u00e7ais du pot en plastique","potentialAction":[{"@type":"SearchAction","target":{"@type":"EntryPoint","urlTemplate":"https:\/\/www.soparco.com\/?s={search_term_string}"},"query-input":{"@type":"PropertyValueSpecification","valueRequired":true,"valueName":"search_term_string"}}],"inLanguage":"de"}]}},"_links":{"self":[{"href":"https:\/\/www.soparco.com\/de\/wp-json\/wp\/v2\/pages\/486","targetHints":{"allow":["GET"]}}],"collection":[{"href":"https:\/\/www.soparco.com\/de\/wp-json\/wp\/v2\/pages"}],"about":[{"href":"https:\/\/www.soparco.com\/de\/wp-json\/wp\/v2\/types\/page"}],"author":[{"embeddable":true,"href":"https:\/\/www.soparco.com\/de\/wp-json\/wp\/v2\/users\/1"}],"replies":[{"embeddable":true,"href":"https:\/\/www.soparco.com\/de\/wp-json\/wp\/v2\/comments?post=486"}],"version-history":[{"count":7,"href":"https:\/\/www.soparco.com\/de\/wp-json\/wp\/v2\/pages\/486\/revisions"}],"predecessor-version":[{"id":1532,"href":"https:\/\/www.soparco.com\/de\/wp-json\/wp\/v2\/pages\/486\/revisions\/1532"}],"wp:featuredmedia":[{"embeddable":true,"href":"https:\/\/www.soparco.com\/de\/wp-json\/wp\/v2\/media\/85"}],"wp:attachment":[{"href":"https:\/\/www.soparco.com\/de\/wp-json\/wp\/v2\/media?parent=486"}],"curies":[{"name":"wp","href":"https:\/\/api.w.org\/{rel}","templated":true}]}}