

{"id":497,"date":"2018-02-16T13:50:39","date_gmt":"2018-02-16T12:50:39","guid":{"rendered":"https:\/\/www.soparco.com\/?page_id=497"},"modified":"2024-05-17T09:11:38","modified_gmt":"2024-05-17T07:11:38","slug":"unser-team-fur-ihre-anforderungen","status":"publish","type":"page","link":"https:\/\/www.soparco.com\/de\/wer-sind-wir\/unser-team-fur-ihre-anforderungen\/","title":{"rendered":"Unser Team f\u00fcr Ihre Anforderungen"},"content":{"rendered":"<p>&nbsp;<\/p>\n<p><strong>Flexibilit\u00e4t und Reaktivit\u00e4t sind das Tagesgesch\u00e4ft unserer Teams<\/strong><\/p>\n<p>Wir h\u00f6ren Ihnen zu und entwickeln mit Ihnen L\u00f6sungen f\u00fcr Probleme, die bei Ihnen in der Produktion oder dem Vertrieb entstehen k\u00f6nnen:<br \/>\n&#8211; Optimierung Ihrer Logistik-Kosten<br \/>\n&#8211; Optimierung Ihrer Produktion<br \/>\n&#8211; Schnelle Auslieferungen<br \/>\n&#8211; Aufwertung Ihrer Produktion<\/p>\n<p>Unser Team im Au\u00dfendienst und unser mehrsprachiges Team im Innendienst arbeiten eng zusammen um auf Ihre W\u00fcnsche einzugehen und mit Ihnen gemeinsam arbeiten eng zusammen um auf Ihre W\u00fcnsche einzugehen und mit Ihnen gemeinsam L\u00f6sungen zu finden.<br \/>\nUnser Service in der Logistik bietet Ihnen schnelle Lieferzeiten Dank der knapp 30 000m\u00b2 Lagerfl\u00e4che und einer Vielzahl an Partnerunternehmen im Transport.<br \/>\n90% unserer im Katalog gelisteten Produkte sind ganzj\u00e4hrig ab Lager verf\u00fcgbar.<\/p>\n","protected":false},"excerpt":{"rendered":"<p>&nbsp; Flexibilit\u00e4t und Reaktivit\u00e4t sind das Tagesgesch\u00e4ft unserer Teams Wir h\u00f6ren Ihnen zu und entwickeln mit Ihnen L\u00f6sungen f\u00fcr Probleme, die bei Ihnen in der Produktion oder dem Vertrieb entstehen k\u00f6nnen: &#8211; Optimierung Ihrer Logistik-Kosten &#8211; Optimierung Ihrer Produktion &#8211; Schnelle Auslieferungen &#8211; Aufwertung Ihrer Produktion Unser Team im Au\u00dfendienst und unser mehrsprachiges Team im [&hellip;]<\/p>\n","protected":false},"author":1,"featured_media":4481,"parent":486,"menu_order":2,"comment_status":"closed","ping_status":"closed","template":"","meta":{"_acf_changed":false,"footnotes":""},"class_list":["post-497","page","type-page","status-publish","has-post-thumbnail","hentry"],"acf":[],"yoast_head":"<!-- This site is optimized with the Yoast SEO plugin v27.2 - https:\/\/yoast.com\/product\/yoast-seo-wordpress\/ -->\n<title>Unser Team f\u00fcr Ihre Anforderungen - Soparco<\/title>\n<meta name=\"robots\" content=\"index, follow, max-snippet:-1, max-image-preview:large, max-video-preview:-1\" \/>\n<link rel=\"canonical\" href=\"https:\/\/www.soparco.com\/de\/wer-sind-wir\/unser-team-fur-ihre-anforderungen\/\" \/>\n<meta property=\"og:locale\" content=\"de_DE\" \/>\n<meta property=\"og:type\" content=\"article\" \/>\n<meta property=\"og:title\" content=\"Unser Team f\u00fcr Ihre Anforderungen - Soparco\" \/>\n<meta property=\"og:description\" content=\"&nbsp; Flexibilit\u00e4t und Reaktivit\u00e4t sind das Tagesgesch\u00e4ft unserer Teams Wir h\u00f6ren Ihnen zu und entwickeln mit Ihnen L\u00f6sungen f\u00fcr Probleme, die bei Ihnen in der Produktion oder dem Vertrieb entstehen k\u00f6nnen: &#8211; Optimierung Ihrer Logistik-Kosten &#8211; Optimierung Ihrer Produktion &#8211; Schnelle Auslieferungen &#8211; Aufwertung Ihrer Produktion Unser Team im Au\u00dfendienst und unser mehrsprachiges Team im [&hellip;]\" \/>\n<meta property=\"og:url\" content=\"https:\/\/www.soparco.com\/de\/wer-sind-wir\/unser-team-fur-ihre-anforderungen\/\" \/>\n<meta property=\"og:site_name\" content=\"Soparco\" \/>\n<meta property=\"article:modified_time\" content=\"2024-05-17T07:11:38+00:00\" \/>\n<meta property=\"og:image\" content=\"https:\/\/www.soparco.com\/wp-content\/uploads\/2024\/02\/pexels-mikhail-nilov-8297621-scaled.jpg\" \/>\n\t<meta property=\"og:image:width\" content=\"2560\" \/>\n\t<meta property=\"og:image:height\" content=\"1707\" \/>\n\t<meta property=\"og:image:type\" content=\"image\/jpeg\" \/>\n<meta name=\"twitter:card\" content=\"summary_large_image\" \/>\n<meta name=\"twitter:label1\" content=\"Gesch\u00e4tzte Lesezeit\" \/>\n\t<meta name=\"twitter:data1\" content=\"1\u00a0Minute\" \/>\n<script type=\"application\/ld+json\" class=\"yoast-schema-graph\">{\"@context\":\"https:\/\/schema.org\",\"@graph\":[{\"@type\":\"WebPage\",\"@id\":\"https:\/\/www.soparco.com\/de\/wer-sind-wir\/unser-team-fur-ihre-anforderungen\/\",\"url\":\"https:\/\/www.soparco.com\/de\/wer-sind-wir\/unser-team-fur-ihre-anforderungen\/\",\"name\":\"Unser Team f\u00fcr Ihre Anforderungen - Soparco\",\"isPartOf\":{\"@id\":\"https:\/\/www.soparco.com\/#website\"},\"primaryImageOfPage\":{\"@id\":\"https:\/\/www.soparco.com\/de\/wer-sind-wir\/unser-team-fur-ihre-anforderungen\/#primaryimage\"},\"image\":{\"@id\":\"https:\/\/www.soparco.com\/de\/wer-sind-wir\/unser-team-fur-ihre-anforderungen\/#primaryimage\"},\"thumbnailUrl\":\"https:\/\/www.soparco.com\/wp-content\/uploads\/2024\/02\/pexels-mikhail-nilov-8297621-scaled.jpg\",\"datePublished\":\"2018-02-16T12:50:39+00:00\",\"dateModified\":\"2024-05-17T07:11:38+00:00\",\"breadcrumb\":{\"@id\":\"https:\/\/www.soparco.com\/de\/wer-sind-wir\/unser-team-fur-ihre-anforderungen\/#breadcrumb\"},\"inLanguage\":\"de\",\"potentialAction\":[{\"@type\":\"ReadAction\",\"target\":[\"https:\/\/www.soparco.com\/de\/wer-sind-wir\/unser-team-fur-ihre-anforderungen\/\"]}]},{\"@type\":\"ImageObject\",\"inLanguage\":\"de\",\"@id\":\"https:\/\/www.soparco.com\/de\/wer-sind-wir\/unser-team-fur-ihre-anforderungen\/#primaryimage\",\"url\":\"https:\/\/www.soparco.com\/wp-content\/uploads\/2024\/02\/pexels-mikhail-nilov-8297621-scaled.jpg\",\"contentUrl\":\"https:\/\/www.soparco.com\/wp-content\/uploads\/2024\/02\/pexels-mikhail-nilov-8297621-scaled.jpg\",\"width\":2560,\"height\":1707},{\"@type\":\"BreadcrumbList\",\"@id\":\"https:\/\/www.soparco.com\/de\/wer-sind-wir\/unser-team-fur-ihre-anforderungen\/#breadcrumb\",\"itemListElement\":[{\"@type\":\"ListItem\",\"position\":1,\"name\":\"Accueil\",\"item\":\"https:\/\/www.soparco.com\/\"},{\"@type\":\"ListItem\",\"position\":2,\"name\":\"50 Jahre Know-How\",\"item\":\"https:\/\/www.soparco.com\/de\/wer-sind-wir\/\"},{\"@type\":\"ListItem\",\"position\":3,\"name\":\"Unser Team f\u00fcr Ihre Anforderungen\"}]},{\"@type\":\"WebSite\",\"@id\":\"https:\/\/www.soparco.com\/#website\",\"url\":\"https:\/\/www.soparco.com\/\",\"name\":\"Soparco\",\"description\":\"Leader fran\u00e7ais du pot en plastique\",\"potentialAction\":[{\"@type\":\"SearchAction\",\"target\":{\"@type\":\"EntryPoint\",\"urlTemplate\":\"https:\/\/www.soparco.com\/?s={search_term_string}\"},\"query-input\":{\"@type\":\"PropertyValueSpecification\",\"valueRequired\":true,\"valueName\":\"search_term_string\"}}],\"inLanguage\":\"de\"}]}<\/script>\n<!-- \/ Yoast SEO plugin. -->","yoast_head_json":{"title":"Unser Team f\u00fcr Ihre Anforderungen - Soparco","robots":{"index":"index","follow":"follow","max-snippet":"max-snippet:-1","max-image-preview":"max-image-preview:large","max-video-preview":"max-video-preview:-1"},"canonical":"https:\/\/www.soparco.com\/de\/wer-sind-wir\/unser-team-fur-ihre-anforderungen\/","og_locale":"de_DE","og_type":"article","og_title":"Unser Team f\u00fcr Ihre Anforderungen - Soparco","og_description":"&nbsp; Flexibilit\u00e4t und Reaktivit\u00e4t sind das Tagesgesch\u00e4ft unserer Teams Wir h\u00f6ren Ihnen zu und entwickeln mit Ihnen L\u00f6sungen f\u00fcr Probleme, die bei Ihnen in der Produktion oder dem Vertrieb entstehen k\u00f6nnen: &#8211; Optimierung Ihrer Logistik-Kosten &#8211; Optimierung Ihrer Produktion &#8211; Schnelle Auslieferungen &#8211; Aufwertung Ihrer Produktion Unser Team im Au\u00dfendienst und unser mehrsprachiges Team im [&hellip;]","og_url":"https:\/\/www.soparco.com\/de\/wer-sind-wir\/unser-team-fur-ihre-anforderungen\/","og_site_name":"Soparco","article_modified_time":"2024-05-17T07:11:38+00:00","og_image":[{"width":2560,"height":1707,"url":"https:\/\/www.soparco.com\/wp-content\/uploads\/2024\/02\/pexels-mikhail-nilov-8297621-scaled.jpg","type":"image\/jpeg"}],"twitter_card":"summary_large_image","twitter_misc":{"Gesch\u00e4tzte Lesezeit":"1\u00a0Minute"},"schema":{"@context":"https:\/\/schema.org","@graph":[{"@type":"WebPage","@id":"https:\/\/www.soparco.com\/de\/wer-sind-wir\/unser-team-fur-ihre-anforderungen\/","url":"https:\/\/www.soparco.com\/de\/wer-sind-wir\/unser-team-fur-ihre-anforderungen\/","name":"Unser Team f\u00fcr Ihre Anforderungen - Soparco","isPartOf":{"@id":"https:\/\/www.soparco.com\/#website"},"primaryImageOfPage":{"@id":"https:\/\/www.soparco.com\/de\/wer-sind-wir\/unser-team-fur-ihre-anforderungen\/#primaryimage"},"image":{"@id":"https:\/\/www.soparco.com\/de\/wer-sind-wir\/unser-team-fur-ihre-anforderungen\/#primaryimage"},"thumbnailUrl":"https:\/\/www.soparco.com\/wp-content\/uploads\/2024\/02\/pexels-mikhail-nilov-8297621-scaled.jpg","datePublished":"2018-02-16T12:50:39+00:00","dateModified":"2024-05-17T07:11:38+00:00","breadcrumb":{"@id":"https:\/\/www.soparco.com\/de\/wer-sind-wir\/unser-team-fur-ihre-anforderungen\/#breadcrumb"},"inLanguage":"de","potentialAction":[{"@type":"ReadAction","target":["https:\/\/www.soparco.com\/de\/wer-sind-wir\/unser-team-fur-ihre-anforderungen\/"]}]},{"@type":"ImageObject","inLanguage":"de","@id":"https:\/\/www.soparco.com\/de\/wer-sind-wir\/unser-team-fur-ihre-anforderungen\/#primaryimage","url":"https:\/\/www.soparco.com\/wp-content\/uploads\/2024\/02\/pexels-mikhail-nilov-8297621-scaled.jpg","contentUrl":"https:\/\/www.soparco.com\/wp-content\/uploads\/2024\/02\/pexels-mikhail-nilov-8297621-scaled.jpg","width":2560,"height":1707},{"@type":"BreadcrumbList","@id":"https:\/\/www.soparco.com\/de\/wer-sind-wir\/unser-team-fur-ihre-anforderungen\/#breadcrumb","itemListElement":[{"@type":"ListItem","position":1,"name":"Accueil","item":"https:\/\/www.soparco.com\/"},{"@type":"ListItem","position":2,"name":"50 Jahre Know-How","item":"https:\/\/www.soparco.com\/de\/wer-sind-wir\/"},{"@type":"ListItem","position":3,"name":"Unser Team f\u00fcr Ihre Anforderungen"}]},{"@type":"WebSite","@id":"https:\/\/www.soparco.com\/#website","url":"https:\/\/www.soparco.com\/","name":"Soparco","description":"Leader fran\u00e7ais du pot en plastique","potentialAction":[{"@type":"SearchAction","target":{"@type":"EntryPoint","urlTemplate":"https:\/\/www.soparco.com\/?s={search_term_string}"},"query-input":{"@type":"PropertyValueSpecification","valueRequired":true,"valueName":"search_term_string"}}],"inLanguage":"de"}]}},"_links":{"self":[{"href":"https:\/\/www.soparco.com\/de\/wp-json\/wp\/v2\/pages\/497","targetHints":{"allow":["GET"]}}],"collection":[{"href":"https:\/\/www.soparco.com\/de\/wp-json\/wp\/v2\/pages"}],"about":[{"href":"https:\/\/www.soparco.com\/de\/wp-json\/wp\/v2\/types\/page"}],"author":[{"embeddable":true,"href":"https:\/\/www.soparco.com\/de\/wp-json\/wp\/v2\/users\/1"}],"replies":[{"embeddable":true,"href":"https:\/\/www.soparco.com\/de\/wp-json\/wp\/v2\/comments?post=497"}],"version-history":[{"count":8,"href":"https:\/\/www.soparco.com\/de\/wp-json\/wp\/v2\/pages\/497\/revisions"}],"predecessor-version":[{"id":1534,"href":"https:\/\/www.soparco.com\/de\/wp-json\/wp\/v2\/pages\/497\/revisions\/1534"}],"up":[{"embeddable":true,"href":"https:\/\/www.soparco.com\/de\/wp-json\/wp\/v2\/pages\/486"}],"wp:featuredmedia":[{"embeddable":true,"href":"https:\/\/www.soparco.com\/de\/wp-json\/wp\/v2\/media\/4481"}],"wp:attachment":[{"href":"https:\/\/www.soparco.com\/de\/wp-json\/wp\/v2\/media?parent=497"}],"curies":[{"name":"wp","href":"https:\/\/api.w.org\/{rel}","templated":true}]}}