

{"id":502,"date":"2018-02-16T14:06:12","date_gmt":"2018-02-16T13:06:12","guid":{"rendered":"https:\/\/www.soparco.com\/?page_id=502"},"modified":"2021-02-22T12:10:04","modified_gmt":"2021-02-22T11:10:04","slug":"unser-beitrag-zur-oekologischen-verantwortung","status":"publish","type":"page","link":"https:\/\/www.soparco.com\/de\/wer-sind-wir\/unser-beitrag-zur-oekologischen-verantwortung\/","title":{"rendered":"Innovationen f\u00fcr eine bessere Umwelt"},"content":{"rendered":"<p>Die SOPARCO-Produkte werden unter Ber\u00fccksichtigung einer nachhaltigen Entwicklung gefertigt<br \/>\n\u2022 Geringeres Gewicht der Produkte Dank technologischer Innovationen<br \/>\n\u2022 Reduzierung des Anteils an Rohmaterial aus fossilen Ressourcen.<br \/>\n(Der Gro\u00dfteil des verwendeten Kunststoffmaterials stammt aus recycelten Produkten).<br \/>\n\u2022 Reduzierung des Energieverbrauchs<br \/>\n\u2022 Reduzierung des Verpackungsmaterials<br \/>\nEin Ziel unserer Entwicklung ist es zuk\u00fcnftig Produkte aus Bio-Quellen anbieten zu k\u00f6nnen.<\/p>\n<p><strong>Produktion mit recycelten Materialien<\/strong><\/p>\n<p>Seit 1985 werden unsere Kunststofft\u00f6pfe aus Polypropylen gefertigt entsprechend einer nachhaltigen Produktion.<br \/>\nDieses recycelte Material stammt aus unterschiedlichen Quellen: Lebensmittel-und Pharmazeutika-Verpackungen, Stopfen, Autoteile, Spielzeug\u2026 sowie Teilen unserer Produktionsabf\u00e4llen.<br \/>\nWir suchen und sichern uns permanent die besten Rohstoffquellen. Rohstoffquellen, um die Umwelt zu schonen und die hohe Qualit\u00e4t unserer Produkte sicherzustellen.<\/p>\n<p><strong>Abf\u00e4lle trennen und recyceln<\/strong><\/p>\n<p>Entsprechend den Marktforderungen bietet SOPARCO auch zwei Topfsortimente aus \u2018Bio-Quellen\u2019 an.<\/p>\n<p>Unter den Materialien, die wir verwenden, bevorzugen wir die, die den geringsten Einfluss auf die Umwelt haben und die so wenig wie m\u00f6glich in Konkurrenz zu unseren Ern\u00e4hrungsbed\u00fcrfnissen stehen. Eine umweltfreundliche Alternative f\u00fcr den Gartenbau!<\/p>\n<p><strong>Abf\u00e4lle trennen und recyceln<\/strong><\/p>\n<p>Entsprechend den Marktforderungen bietet SOPARCO auch zwei Topfsortimente aus \u2018Bio-Quellen\u2019 an.<\/p>\n<p>Unter den Materialien, die wir verwenden, bevorzugen wir die, die den geringsten Einfluss auf die Umwelt haben und die so wenig wie m\u00f6glich in Konkurrenz zu unseren Ern\u00e4hrungsbed\u00fcrfnissen stehen.<\/p>\n<p>Eine umweltfreundliche Alternative f\u00fcr den Gartenbau!<\/p>\n<p><strong>Verwendung von Materialien aus Bio-Quellen<\/strong><\/p>\n<p>Die Verpackungsabf\u00e4lle aus unseren Produktionsprozessen werden sortiert und wiederverwertet.<\/p>\n<p>Alle chemischen Produkte (\u00d6le, gebrauchte Reinigungsmittel..) werden von Spezialfirmen entsorgt, auch hinsichtlich ihrer Wiederverwertung.<\/p>\n","protected":false},"excerpt":{"rendered":"<p>Die SOPARCO-Produkte werden unter Ber\u00fccksichtigung einer nachhaltigen Entwicklung gefertigt \u2022 Geringeres Gewicht der Produkte Dank technologischer Innovationen \u2022 Reduzierung des Anteils an Rohmaterial aus fossilen Ressourcen. (Der Gro\u00dfteil des verwendeten Kunststoffmaterials stammt aus recycelten Produkten). \u2022 Reduzierung des Energieverbrauchs \u2022 Reduzierung des Verpackungsmaterials Ein Ziel unserer Entwicklung ist es zuk\u00fcnftig Produkte aus Bio-Quellen anbieten zu [&hellip;]<\/p>\n","protected":false},"author":1,"featured_media":3079,"parent":486,"menu_order":3,"comment_status":"closed","ping_status":"closed","template":"","meta":{"_acf_changed":false,"footnotes":""},"class_list":["post-502","page","type-page","status-publish","has-post-thumbnail","hentry"],"acf":[],"yoast_head":"<!-- This site is optimized with the Yoast SEO plugin v27.2 - https:\/\/yoast.com\/product\/yoast-seo-wordpress\/ -->\n<title>Innovationen f\u00fcr eine bessere Umwelt - Soparco<\/title>\n<meta name=\"robots\" content=\"index, follow, max-snippet:-1, max-image-preview:large, max-video-preview:-1\" \/>\n<link rel=\"canonical\" href=\"https:\/\/www.soparco.com\/de\/wer-sind-wir\/unser-beitrag-zur-oekologischen-verantwortung\/\" \/>\n<meta property=\"og:locale\" content=\"de_DE\" \/>\n<meta property=\"og:type\" content=\"article\" \/>\n<meta property=\"og:title\" content=\"Innovationen f\u00fcr eine bessere Umwelt - Soparco\" \/>\n<meta property=\"og:description\" content=\"Die SOPARCO-Produkte werden unter Ber\u00fccksichtigung einer nachhaltigen Entwicklung gefertigt \u2022 Geringeres Gewicht der Produkte Dank technologischer Innovationen \u2022 Reduzierung des Anteils an Rohmaterial aus fossilen Ressourcen. (Der Gro\u00dfteil des verwendeten Kunststoffmaterials stammt aus recycelten Produkten). \u2022 Reduzierung des Energieverbrauchs \u2022 Reduzierung des Verpackungsmaterials Ein Ziel unserer Entwicklung ist es zuk\u00fcnftig Produkte aus Bio-Quellen anbieten zu [&hellip;]\" \/>\n<meta property=\"og:url\" content=\"https:\/\/www.soparco.com\/de\/wer-sind-wir\/unser-beitrag-zur-oekologischen-verantwortung\/\" \/>\n<meta property=\"og:site_name\" content=\"Soparco\" \/>\n<meta property=\"article:modified_time\" content=\"2021-02-22T11:10:04+00:00\" \/>\n<meta property=\"og:image\" content=\"https:\/\/www.soparco.com\/wp-content\/uploads\/2021\/02\/Page-2-photo-matiere-1920x1277.jpg\" \/>\n\t<meta property=\"og:image:width\" content=\"1920\" \/>\n\t<meta property=\"og:image:height\" content=\"1277\" \/>\n\t<meta property=\"og:image:type\" content=\"image\/jpeg\" \/>\n<meta name=\"twitter:card\" content=\"summary_large_image\" \/>\n<meta name=\"twitter:label1\" content=\"Gesch\u00e4tzte Lesezeit\" \/>\n\t<meta name=\"twitter:data1\" content=\"2\u00a0Minuten\" \/>\n<script type=\"application\/ld+json\" class=\"yoast-schema-graph\">{\"@context\":\"https:\/\/schema.org\",\"@graph\":[{\"@type\":\"WebPage\",\"@id\":\"https:\/\/www.soparco.com\/de\/wer-sind-wir\/unser-beitrag-zur-oekologischen-verantwortung\/\",\"url\":\"https:\/\/www.soparco.com\/de\/wer-sind-wir\/unser-beitrag-zur-oekologischen-verantwortung\/\",\"name\":\"Innovationen f\u00fcr eine bessere Umwelt - Soparco\",\"isPartOf\":{\"@id\":\"https:\/\/www.soparco.com\/#website\"},\"primaryImageOfPage\":{\"@id\":\"https:\/\/www.soparco.com\/de\/wer-sind-wir\/unser-beitrag-zur-oekologischen-verantwortung\/#primaryimage\"},\"image\":{\"@id\":\"https:\/\/www.soparco.com\/de\/wer-sind-wir\/unser-beitrag-zur-oekologischen-verantwortung\/#primaryimage\"},\"thumbnailUrl\":\"https:\/\/www.soparco.com\/wp-content\/uploads\/2021\/02\/Page-2-photo-matiere.jpg\",\"datePublished\":\"2018-02-16T13:06:12+00:00\",\"dateModified\":\"2021-02-22T11:10:04+00:00\",\"breadcrumb\":{\"@id\":\"https:\/\/www.soparco.com\/de\/wer-sind-wir\/unser-beitrag-zur-oekologischen-verantwortung\/#breadcrumb\"},\"inLanguage\":\"de\",\"potentialAction\":[{\"@type\":\"ReadAction\",\"target\":[\"https:\/\/www.soparco.com\/de\/wer-sind-wir\/unser-beitrag-zur-oekologischen-verantwortung\/\"]}]},{\"@type\":\"ImageObject\",\"inLanguage\":\"de\",\"@id\":\"https:\/\/www.soparco.com\/de\/wer-sind-wir\/unser-beitrag-zur-oekologischen-verantwortung\/#primaryimage\",\"url\":\"https:\/\/www.soparco.com\/wp-content\/uploads\/2021\/02\/Page-2-photo-matiere.jpg\",\"contentUrl\":\"https:\/\/www.soparco.com\/wp-content\/uploads\/2021\/02\/Page-2-photo-matiere.jpg\",\"width\":2560,\"height\":1702},{\"@type\":\"BreadcrumbList\",\"@id\":\"https:\/\/www.soparco.com\/de\/wer-sind-wir\/unser-beitrag-zur-oekologischen-verantwortung\/#breadcrumb\",\"itemListElement\":[{\"@type\":\"ListItem\",\"position\":1,\"name\":\"Accueil\",\"item\":\"https:\/\/www.soparco.com\/\"},{\"@type\":\"ListItem\",\"position\":2,\"name\":\"50 Jahre Know-How\",\"item\":\"https:\/\/www.soparco.com\/de\/wer-sind-wir\/\"},{\"@type\":\"ListItem\",\"position\":3,\"name\":\"Innovationen f\u00fcr eine bessere Umwelt\"}]},{\"@type\":\"WebSite\",\"@id\":\"https:\/\/www.soparco.com\/#website\",\"url\":\"https:\/\/www.soparco.com\/\",\"name\":\"Soparco\",\"description\":\"Leader fran\u00e7ais du pot en plastique\",\"potentialAction\":[{\"@type\":\"SearchAction\",\"target\":{\"@type\":\"EntryPoint\",\"urlTemplate\":\"https:\/\/www.soparco.com\/?s={search_term_string}\"},\"query-input\":{\"@type\":\"PropertyValueSpecification\",\"valueRequired\":true,\"valueName\":\"search_term_string\"}}],\"inLanguage\":\"de\"}]}<\/script>\n<!-- \/ Yoast SEO plugin. -->","yoast_head_json":{"title":"Innovationen f\u00fcr eine bessere Umwelt - Soparco","robots":{"index":"index","follow":"follow","max-snippet":"max-snippet:-1","max-image-preview":"max-image-preview:large","max-video-preview":"max-video-preview:-1"},"canonical":"https:\/\/www.soparco.com\/de\/wer-sind-wir\/unser-beitrag-zur-oekologischen-verantwortung\/","og_locale":"de_DE","og_type":"article","og_title":"Innovationen f\u00fcr eine bessere Umwelt - Soparco","og_description":"Die SOPARCO-Produkte werden unter Ber\u00fccksichtigung einer nachhaltigen Entwicklung gefertigt \u2022 Geringeres Gewicht der Produkte Dank technologischer Innovationen \u2022 Reduzierung des Anteils an Rohmaterial aus fossilen Ressourcen. (Der Gro\u00dfteil des verwendeten Kunststoffmaterials stammt aus recycelten Produkten). \u2022 Reduzierung des Energieverbrauchs \u2022 Reduzierung des Verpackungsmaterials Ein Ziel unserer Entwicklung ist es zuk\u00fcnftig Produkte aus Bio-Quellen anbieten zu [&hellip;]","og_url":"https:\/\/www.soparco.com\/de\/wer-sind-wir\/unser-beitrag-zur-oekologischen-verantwortung\/","og_site_name":"Soparco","article_modified_time":"2021-02-22T11:10:04+00:00","og_image":[{"width":1920,"height":1277,"url":"https:\/\/www.soparco.com\/wp-content\/uploads\/2021\/02\/Page-2-photo-matiere-1920x1277.jpg","type":"image\/jpeg"}],"twitter_card":"summary_large_image","twitter_misc":{"Gesch\u00e4tzte Lesezeit":"2\u00a0Minuten"},"schema":{"@context":"https:\/\/schema.org","@graph":[{"@type":"WebPage","@id":"https:\/\/www.soparco.com\/de\/wer-sind-wir\/unser-beitrag-zur-oekologischen-verantwortung\/","url":"https:\/\/www.soparco.com\/de\/wer-sind-wir\/unser-beitrag-zur-oekologischen-verantwortung\/","name":"Innovationen f\u00fcr eine bessere Umwelt - Soparco","isPartOf":{"@id":"https:\/\/www.soparco.com\/#website"},"primaryImageOfPage":{"@id":"https:\/\/www.soparco.com\/de\/wer-sind-wir\/unser-beitrag-zur-oekologischen-verantwortung\/#primaryimage"},"image":{"@id":"https:\/\/www.soparco.com\/de\/wer-sind-wir\/unser-beitrag-zur-oekologischen-verantwortung\/#primaryimage"},"thumbnailUrl":"https:\/\/www.soparco.com\/wp-content\/uploads\/2021\/02\/Page-2-photo-matiere.jpg","datePublished":"2018-02-16T13:06:12+00:00","dateModified":"2021-02-22T11:10:04+00:00","breadcrumb":{"@id":"https:\/\/www.soparco.com\/de\/wer-sind-wir\/unser-beitrag-zur-oekologischen-verantwortung\/#breadcrumb"},"inLanguage":"de","potentialAction":[{"@type":"ReadAction","target":["https:\/\/www.soparco.com\/de\/wer-sind-wir\/unser-beitrag-zur-oekologischen-verantwortung\/"]}]},{"@type":"ImageObject","inLanguage":"de","@id":"https:\/\/www.soparco.com\/de\/wer-sind-wir\/unser-beitrag-zur-oekologischen-verantwortung\/#primaryimage","url":"https:\/\/www.soparco.com\/wp-content\/uploads\/2021\/02\/Page-2-photo-matiere.jpg","contentUrl":"https:\/\/www.soparco.com\/wp-content\/uploads\/2021\/02\/Page-2-photo-matiere.jpg","width":2560,"height":1702},{"@type":"BreadcrumbList","@id":"https:\/\/www.soparco.com\/de\/wer-sind-wir\/unser-beitrag-zur-oekologischen-verantwortung\/#breadcrumb","itemListElement":[{"@type":"ListItem","position":1,"name":"Accueil","item":"https:\/\/www.soparco.com\/"},{"@type":"ListItem","position":2,"name":"50 Jahre Know-How","item":"https:\/\/www.soparco.com\/de\/wer-sind-wir\/"},{"@type":"ListItem","position":3,"name":"Innovationen f\u00fcr eine bessere Umwelt"}]},{"@type":"WebSite","@id":"https:\/\/www.soparco.com\/#website","url":"https:\/\/www.soparco.com\/","name":"Soparco","description":"Leader fran\u00e7ais du pot en plastique","potentialAction":[{"@type":"SearchAction","target":{"@type":"EntryPoint","urlTemplate":"https:\/\/www.soparco.com\/?s={search_term_string}"},"query-input":{"@type":"PropertyValueSpecification","valueRequired":true,"valueName":"search_term_string"}}],"inLanguage":"de"}]}},"_links":{"self":[{"href":"https:\/\/www.soparco.com\/de\/wp-json\/wp\/v2\/pages\/502","targetHints":{"allow":["GET"]}}],"collection":[{"href":"https:\/\/www.soparco.com\/de\/wp-json\/wp\/v2\/pages"}],"about":[{"href":"https:\/\/www.soparco.com\/de\/wp-json\/wp\/v2\/types\/page"}],"author":[{"embeddable":true,"href":"https:\/\/www.soparco.com\/de\/wp-json\/wp\/v2\/users\/1"}],"replies":[{"embeddable":true,"href":"https:\/\/www.soparco.com\/de\/wp-json\/wp\/v2\/comments?post=502"}],"version-history":[{"count":4,"href":"https:\/\/www.soparco.com\/de\/wp-json\/wp\/v2\/pages\/502\/revisions"}],"predecessor-version":[{"id":3136,"href":"https:\/\/www.soparco.com\/de\/wp-json\/wp\/v2\/pages\/502\/revisions\/3136"}],"up":[{"embeddable":true,"href":"https:\/\/www.soparco.com\/de\/wp-json\/wp\/v2\/pages\/486"}],"wp:featuredmedia":[{"embeddable":true,"href":"https:\/\/www.soparco.com\/de\/wp-json\/wp\/v2\/media\/3079"}],"wp:attachment":[{"href":"https:\/\/www.soparco.com\/de\/wp-json\/wp\/v2\/media?parent=502"}],"curies":[{"name":"wp","href":"https:\/\/api.w.org\/{rel}","templated":true}]}}