

{"id":703,"date":"2018-07-12T10:05:49","date_gmt":"2018-07-12T08:05:49","guid":{"rendered":"https:\/\/www.soparco.com\/?page_id=703"},"modified":"2018-07-12T11:37:46","modified_gmt":"2018-07-12T09:37:46","slug":"privacy-policy","status":"publish","type":"page","link":"https:\/\/www.soparco.com\/en\/privacy-policy\/","title":{"rendered":"Privacy policy"},"content":{"rendered":"<h2>D\u00e9p\u00f4t de cookies<\/h2>\n<p>La consultation de ce site entra\u00eene le d\u00e9p\u00f4t de cookies (aussi appel\u00e9 traceurs) sur votre ordinateur.<\/p>\n<h2>Finalit\u00e9 du d\u00e9p\u00f4t de cookies<\/h2>\n<p>Ce site fait recours aux services de Google Analytics qui permet de mesurer l\u2019audience du site et analyser l\u2019utilisation qui en est faite. Les donn\u00e9es collect\u00e9es par l\u2019interm\u00e9diaire des cookies sont ainsi transmises \u00e0 Google.<\/p>\n<p>Nous veillons \u00e0 ce que ces cookies respectent les normes de protection des donn\u00e9es personnelles.<\/p>\n<p>Pour obtenir d\u2019avantage d\u2019information sur cette fonctionnalit\u00e9 nous vous invitions \u00e0 consulter la page suivante : <a href=\"https:\/\/support.google.com\/analytics\/answer\/6004245\" target=\"_blank\" rel=\"noopener\">https:\/\/support.google.com\/analytics\/answer\/6004245<\/a><\/p>\n<h2>S\u2019opposer au d\u00e9p\u00f4t de cookies<\/h2>\n<p>Le d\u00e9p\u00f4t de cookies peut \u00eatre bloqu\u00e9 \u00e0 tout moment gr\u00e2ce aux param\u00e8tres de votre navigateur en les acceptant ou refusant au cas par cas ou syst\u00e9matiquement. Selon sa configuration et ses besoins, l\u2019utilisateur peut bloquer tout ou partie des cookies du Site, les cookies tiers, etc.<\/p>\n<p>Ces param\u00e8tres se trouvent dans les menus suivants :<\/p>\n<ul>\n<li>Google Chrome\/Chromium : Param\u00e8tres \u2192 Afficher les param\u00e8tres avanc\u00e9s \u2192 Confidentialit\u00e9 \u2192 Param\u00e8tres de contenu, dans la rubrique Cookies<\/li>\n<li>Mozilla Firefox : Outils \u2192 Pr\u00e9f\u00e9rences \u2192 Vie priv\u00e9e, dans la rubrique Historique<\/li>\n<li>Internet Explorer : Outils \u2192 Options Internet \u2192 Confidentialit\u00e9, dans la rubrique Param\u00e8tres<\/li>\n<li>Safari : Pr\u00e9f\u00e9rences \u2192 Vie Priv\u00e9e, dans la rubrique Cookies<\/li>\n<li>Opera : Pr\u00e9f\u00e9rences \u2192 Avanc\u00e9 \u2192 Cookies<\/li>\n<\/ul>\n<p>Toutefois, nous vous informons que le blocage de certains \u00e9l\u00e9ments est susceptible de d\u00e9grader les conditions de navigation<\/p>\n","protected":false},"excerpt":{"rendered":"<p>D\u00e9p\u00f4t de cookies La consultation de ce site entra\u00eene le d\u00e9p\u00f4t de cookies (aussi appel\u00e9 traceurs) sur votre ordinateur. Finalit\u00e9 du d\u00e9p\u00f4t de cookies Ce site fait recours aux services de Google Analytics qui permet de mesurer l\u2019audience du site et analyser l\u2019utilisation qui en est faite. Les donn\u00e9es collect\u00e9es par l\u2019interm\u00e9diaire des cookies sont [&hellip;]<\/p>\n","protected":false},"author":1,"featured_media":0,"parent":0,"menu_order":0,"comment_status":"closed","ping_status":"closed","template":"","meta":{"_acf_changed":false,"footnotes":""},"class_list":["post-703","page","type-page","status-publish","hentry"],"acf":[],"yoast_head":"<!-- This site is optimized with the Yoast SEO plugin v27.2 - https:\/\/yoast.com\/product\/yoast-seo-wordpress\/ -->\n<title>Privacy policy - Soparco<\/title>\n<meta name=\"robots\" content=\"index, follow, max-snippet:-1, max-image-preview:large, max-video-preview:-1\" \/>\n<link rel=\"canonical\" href=\"https:\/\/www.soparco.com\/en\/privacy-policy\/\" \/>\n<meta property=\"og:locale\" content=\"en_US\" \/>\n<meta property=\"og:type\" content=\"article\" \/>\n<meta property=\"og:title\" content=\"Privacy policy - Soparco\" \/>\n<meta property=\"og:description\" content=\"D\u00e9p\u00f4t de cookies La consultation de ce site entra\u00eene le d\u00e9p\u00f4t de cookies (aussi appel\u00e9 traceurs) sur votre ordinateur. Finalit\u00e9 du d\u00e9p\u00f4t de cookies Ce site fait recours aux services de Google Analytics qui permet de mesurer l\u2019audience du site et analyser l\u2019utilisation qui en est faite. Les donn\u00e9es collect\u00e9es par l\u2019interm\u00e9diaire des cookies sont [&hellip;]\" \/>\n<meta property=\"og:url\" content=\"https:\/\/www.soparco.com\/en\/privacy-policy\/\" \/>\n<meta property=\"og:site_name\" content=\"Soparco\" \/>\n<meta property=\"article:modified_time\" content=\"2018-07-12T09:37:46+00:00\" \/>\n<meta name=\"twitter:card\" content=\"summary_large_image\" \/>\n<meta name=\"twitter:label1\" content=\"Est. reading time\" \/>\n\t<meta name=\"twitter:data1\" content=\"1 minute\" \/>\n<script type=\"application\/ld+json\" class=\"yoast-schema-graph\">{\"@context\":\"https:\/\/schema.org\",\"@graph\":[{\"@type\":\"WebPage\",\"@id\":\"https:\/\/www.soparco.com\/en\/privacy-policy\/\",\"url\":\"https:\/\/www.soparco.com\/en\/privacy-policy\/\",\"name\":\"Privacy policy - Soparco\",\"isPartOf\":{\"@id\":\"https:\/\/www.soparco.com\/#website\"},\"datePublished\":\"2018-07-12T08:05:49+00:00\",\"dateModified\":\"2018-07-12T09:37:46+00:00\",\"breadcrumb\":{\"@id\":\"https:\/\/www.soparco.com\/en\/privacy-policy\/#breadcrumb\"},\"inLanguage\":\"en-US\",\"potentialAction\":[{\"@type\":\"ReadAction\",\"target\":[\"https:\/\/www.soparco.com\/en\/privacy-policy\/\"]}]},{\"@type\":\"BreadcrumbList\",\"@id\":\"https:\/\/www.soparco.com\/en\/privacy-policy\/#breadcrumb\",\"itemListElement\":[{\"@type\":\"ListItem\",\"position\":1,\"name\":\"Accueil\",\"item\":\"https:\/\/www.soparco.com\/\"},{\"@type\":\"ListItem\",\"position\":2,\"name\":\"Privacy policy\"}]},{\"@type\":\"WebSite\",\"@id\":\"https:\/\/www.soparco.com\/#website\",\"url\":\"https:\/\/www.soparco.com\/\",\"name\":\"Soparco\",\"description\":\"Leader fran\u00e7ais du pot en plastique\",\"potentialAction\":[{\"@type\":\"SearchAction\",\"target\":{\"@type\":\"EntryPoint\",\"urlTemplate\":\"https:\/\/www.soparco.com\/?s={search_term_string}\"},\"query-input\":{\"@type\":\"PropertyValueSpecification\",\"valueRequired\":true,\"valueName\":\"search_term_string\"}}],\"inLanguage\":\"en-US\"}]}<\/script>\n<!-- \/ Yoast SEO plugin. -->","yoast_head_json":{"title":"Privacy policy - Soparco","robots":{"index":"index","follow":"follow","max-snippet":"max-snippet:-1","max-image-preview":"max-image-preview:large","max-video-preview":"max-video-preview:-1"},"canonical":"https:\/\/www.soparco.com\/en\/privacy-policy\/","og_locale":"en_US","og_type":"article","og_title":"Privacy policy - Soparco","og_description":"D\u00e9p\u00f4t de cookies La consultation de ce site entra\u00eene le d\u00e9p\u00f4t de cookies (aussi appel\u00e9 traceurs) sur votre ordinateur. Finalit\u00e9 du d\u00e9p\u00f4t de cookies Ce site fait recours aux services de Google Analytics qui permet de mesurer l\u2019audience du site et analyser l\u2019utilisation qui en est faite. Les donn\u00e9es collect\u00e9es par l\u2019interm\u00e9diaire des cookies sont [&hellip;]","og_url":"https:\/\/www.soparco.com\/en\/privacy-policy\/","og_site_name":"Soparco","article_modified_time":"2018-07-12T09:37:46+00:00","twitter_card":"summary_large_image","twitter_misc":{"Est. reading time":"1 minute"},"schema":{"@context":"https:\/\/schema.org","@graph":[{"@type":"WebPage","@id":"https:\/\/www.soparco.com\/en\/privacy-policy\/","url":"https:\/\/www.soparco.com\/en\/privacy-policy\/","name":"Privacy policy - Soparco","isPartOf":{"@id":"https:\/\/www.soparco.com\/#website"},"datePublished":"2018-07-12T08:05:49+00:00","dateModified":"2018-07-12T09:37:46+00:00","breadcrumb":{"@id":"https:\/\/www.soparco.com\/en\/privacy-policy\/#breadcrumb"},"inLanguage":"en-US","potentialAction":[{"@type":"ReadAction","target":["https:\/\/www.soparco.com\/en\/privacy-policy\/"]}]},{"@type":"BreadcrumbList","@id":"https:\/\/www.soparco.com\/en\/privacy-policy\/#breadcrumb","itemListElement":[{"@type":"ListItem","position":1,"name":"Accueil","item":"https:\/\/www.soparco.com\/"},{"@type":"ListItem","position":2,"name":"Privacy policy"}]},{"@type":"WebSite","@id":"https:\/\/www.soparco.com\/#website","url":"https:\/\/www.soparco.com\/","name":"Soparco","description":"Leader fran\u00e7ais du pot en plastique","potentialAction":[{"@type":"SearchAction","target":{"@type":"EntryPoint","urlTemplate":"https:\/\/www.soparco.com\/?s={search_term_string}"},"query-input":{"@type":"PropertyValueSpecification","valueRequired":true,"valueName":"search_term_string"}}],"inLanguage":"en-US"}]}},"_links":{"self":[{"href":"https:\/\/www.soparco.com\/en\/wp-json\/wp\/v2\/pages\/703","targetHints":{"allow":["GET"]}}],"collection":[{"href":"https:\/\/www.soparco.com\/en\/wp-json\/wp\/v2\/pages"}],"about":[{"href":"https:\/\/www.soparco.com\/en\/wp-json\/wp\/v2\/types\/page"}],"author":[{"embeddable":true,"href":"https:\/\/www.soparco.com\/en\/wp-json\/wp\/v2\/users\/1"}],"replies":[{"embeddable":true,"href":"https:\/\/www.soparco.com\/en\/wp-json\/wp\/v2\/comments?post=703"}],"version-history":[{"count":2,"href":"https:\/\/www.soparco.com\/en\/wp-json\/wp\/v2\/pages\/703\/revisions"}],"predecessor-version":[{"id":711,"href":"https:\/\/www.soparco.com\/en\/wp-json\/wp\/v2\/pages\/703\/revisions\/711"}],"wp:attachment":[{"href":"https:\/\/www.soparco.com\/en\/wp-json\/wp\/v2\/media?parent=703"}],"curies":[{"name":"wp","href":"https:\/\/api.w.org\/{rel}","templated":true}]}}