

{"id":506,"date":"2018-02-16T14:10:48","date_gmt":"2018-02-16T13:10:48","guid":{"rendered":"https:\/\/www.soparco.com\/?page_id=506"},"modified":"2021-02-22T12:10:32","modified_gmt":"2021-02-22T11:10:32","slug":"a-su-servicio","status":"publish","type":"page","link":"https:\/\/www.soparco.com\/es\/quienes-somos\/a-su-servicio\/","title":{"rendered":"Unos equipos a su escucha"},"content":{"rendered":"<p><strong>Flexibilidad y capacidad de reacci\u00f3n son el pan de cada d\u00eda de nuestros equipos<\/strong><\/p>\n<p>Totalmente volcados en el cliente, tenemos en cuenta los problemas a los que se enfrenta su cadena de producci\u00f3n y sus circuitos de distribuci\u00f3n:<br \/>\n&#8211; optimizaci\u00f3n de la producci\u00f3n.<br \/>\n&#8211; optimizaci\u00f3n de los costes log\u00edsticos.<br \/>\n&#8211; reducci\u00f3n de los plazos de abastecimiento.<br \/>\n&#8211; puesta en valor de sus cultivos.<\/p>\n<p>Nuestros equipos comerciales de proximidad y nuestro servicio multiling\u00fce de administraci\u00f3n de ventas colaboran para responder a sus expectativas y encontrar junto a usted la soluci\u00f3n que<br \/>\nmejor se adapte a sus necesidades.<br \/>\nNuestro servicio log\u00edstico ofrece unos plazos de entrega r\u00e1pidos y optimizados gracias a la gesti\u00f3n de una superficie de casi 30.000 m\u00b2 de almacenamiento y a una nutrida red de transportistas asociados.<br \/>\nUn 90 % de los productos presentes en nuestro cat\u00e1logo est\u00e1n en stock durante todo el a\u00f1o.<\/p>\n","protected":false},"excerpt":{"rendered":"<p>Flexibilidad y capacidad de reacci\u00f3n son el pan de cada d\u00eda de nuestros equipos Totalmente volcados en el cliente, tenemos en cuenta los problemas a los que se enfrenta su cadena de producci\u00f3n y sus circuitos de distribuci\u00f3n: &#8211; optimizaci\u00f3n de la producci\u00f3n. &#8211; optimizaci\u00f3n de los costes log\u00edsticos. &#8211; reducci\u00f3n de los plazos de [&hellip;]<\/p>\n","protected":false},"author":1,"featured_media":1475,"parent":492,"menu_order":2,"comment_status":"closed","ping_status":"closed","template":"","meta":{"_acf_changed":false,"footnotes":""},"class_list":["post-506","page","type-page","status-publish","has-post-thumbnail","hentry"],"acf":[],"yoast_head":"<!-- This site is optimized with the Yoast SEO plugin v27.2 - https:\/\/yoast.com\/product\/yoast-seo-wordpress\/ -->\n<title>Unos equipos a su escucha - Soparco<\/title>\n<meta name=\"robots\" content=\"index, follow, max-snippet:-1, max-image-preview:large, max-video-preview:-1\" \/>\n<link rel=\"canonical\" href=\"https:\/\/www.soparco.com\/es\/quienes-somos\/a-su-servicio\/\" \/>\n<meta property=\"og:locale\" content=\"es_ES\" \/>\n<meta property=\"og:type\" content=\"article\" \/>\n<meta property=\"og:title\" content=\"Unos equipos a su escucha - Soparco\" \/>\n<meta property=\"og:description\" content=\"Flexibilidad y capacidad de reacci\u00f3n son el pan de cada d\u00eda de nuestros equipos Totalmente volcados en el cliente, tenemos en cuenta los problemas a los que se enfrenta su cadena de producci\u00f3n y sus circuitos de distribuci\u00f3n: &#8211; optimizaci\u00f3n de la producci\u00f3n. &#8211; optimizaci\u00f3n de los costes log\u00edsticos. &#8211; reducci\u00f3n de los plazos de [&hellip;]\" \/>\n<meta property=\"og:url\" content=\"https:\/\/www.soparco.com\/es\/quienes-somos\/a-su-servicio\/\" \/>\n<meta property=\"og:site_name\" content=\"Soparco\" \/>\n<meta property=\"article:modified_time\" content=\"2021-02-22T11:10:32+00:00\" \/>\n<meta property=\"og:image\" content=\"https:\/\/www.soparco.com\/wp-content\/uploads\/2019\/07\/seminaire-2017-visite-Yves-Robin-27-2-2.jpg\" \/>\n\t<meta property=\"og:image:width\" content=\"2283\" \/>\n\t<meta property=\"og:image:height\" content=\"1455\" \/>\n\t<meta property=\"og:image:type\" content=\"image\/jpeg\" \/>\n<meta name=\"twitter:card\" content=\"summary_large_image\" \/>\n<meta name=\"twitter:label1\" content=\"Tiempo de lectura\" \/>\n\t<meta name=\"twitter:data1\" content=\"1 minuto\" \/>\n<script type=\"application\/ld+json\" class=\"yoast-schema-graph\">{\"@context\":\"https:\/\/schema.org\",\"@graph\":[{\"@type\":\"WebPage\",\"@id\":\"https:\/\/www.soparco.com\/es\/quienes-somos\/a-su-servicio\/\",\"url\":\"https:\/\/www.soparco.com\/es\/quienes-somos\/a-su-servicio\/\",\"name\":\"Unos equipos a su escucha - Soparco\",\"isPartOf\":{\"@id\":\"https:\/\/www.soparco.com\/#website\"},\"primaryImageOfPage\":{\"@id\":\"https:\/\/www.soparco.com\/es\/quienes-somos\/a-su-servicio\/#primaryimage\"},\"image\":{\"@id\":\"https:\/\/www.soparco.com\/es\/quienes-somos\/a-su-servicio\/#primaryimage\"},\"thumbnailUrl\":\"https:\/\/www.soparco.com\/wp-content\/uploads\/2019\/07\/seminaire-2017-visite-Yves-Robin-27-2-2.jpg\",\"datePublished\":\"2018-02-16T13:10:48+00:00\",\"dateModified\":\"2021-02-22T11:10:32+00:00\",\"breadcrumb\":{\"@id\":\"https:\/\/www.soparco.com\/es\/quienes-somos\/a-su-servicio\/#breadcrumb\"},\"inLanguage\":\"es\",\"potentialAction\":[{\"@type\":\"ReadAction\",\"target\":[\"https:\/\/www.soparco.com\/es\/quienes-somos\/a-su-servicio\/\"]}]},{\"@type\":\"ImageObject\",\"inLanguage\":\"es\",\"@id\":\"https:\/\/www.soparco.com\/es\/quienes-somos\/a-su-servicio\/#primaryimage\",\"url\":\"https:\/\/www.soparco.com\/wp-content\/uploads\/2019\/07\/seminaire-2017-visite-Yves-Robin-27-2-2.jpg\",\"contentUrl\":\"https:\/\/www.soparco.com\/wp-content\/uploads\/2019\/07\/seminaire-2017-visite-Yves-Robin-27-2-2.jpg\",\"width\":2283,\"height\":1455},{\"@type\":\"BreadcrumbList\",\"@id\":\"https:\/\/www.soparco.com\/es\/quienes-somos\/a-su-servicio\/#breadcrumb\",\"itemListElement\":[{\"@type\":\"ListItem\",\"position\":1,\"name\":\"Accueil\",\"item\":\"https:\/\/www.soparco.com\/\"},{\"@type\":\"ListItem\",\"position\":2,\"name\":\"Medio siglo al servicio del mundo vegetal\",\"item\":\"https:\/\/www.soparco.com\/es\/quienes-somos\/\"},{\"@type\":\"ListItem\",\"position\":3,\"name\":\"Unos equipos a su escucha\"}]},{\"@type\":\"WebSite\",\"@id\":\"https:\/\/www.soparco.com\/#website\",\"url\":\"https:\/\/www.soparco.com\/\",\"name\":\"Soparco\",\"description\":\"Leader fran\u00e7ais du pot en plastique\",\"potentialAction\":[{\"@type\":\"SearchAction\",\"target\":{\"@type\":\"EntryPoint\",\"urlTemplate\":\"https:\/\/www.soparco.com\/?s={search_term_string}\"},\"query-input\":{\"@type\":\"PropertyValueSpecification\",\"valueRequired\":true,\"valueName\":\"search_term_string\"}}],\"inLanguage\":\"es\"}]}<\/script>\n<!-- \/ Yoast SEO plugin. -->","yoast_head_json":{"title":"Unos equipos a su escucha - Soparco","robots":{"index":"index","follow":"follow","max-snippet":"max-snippet:-1","max-image-preview":"max-image-preview:large","max-video-preview":"max-video-preview:-1"},"canonical":"https:\/\/www.soparco.com\/es\/quienes-somos\/a-su-servicio\/","og_locale":"es_ES","og_type":"article","og_title":"Unos equipos a su escucha - Soparco","og_description":"Flexibilidad y capacidad de reacci\u00f3n son el pan de cada d\u00eda de nuestros equipos Totalmente volcados en el cliente, tenemos en cuenta los problemas a los que se enfrenta su cadena de producci\u00f3n y sus circuitos de distribuci\u00f3n: &#8211; optimizaci\u00f3n de la producci\u00f3n. &#8211; optimizaci\u00f3n de los costes log\u00edsticos. &#8211; reducci\u00f3n de los plazos de [&hellip;]","og_url":"https:\/\/www.soparco.com\/es\/quienes-somos\/a-su-servicio\/","og_site_name":"Soparco","article_modified_time":"2021-02-22T11:10:32+00:00","og_image":[{"width":2283,"height":1455,"url":"https:\/\/www.soparco.com\/wp-content\/uploads\/2019\/07\/seminaire-2017-visite-Yves-Robin-27-2-2.jpg","type":"image\/jpeg"}],"twitter_card":"summary_large_image","twitter_misc":{"Tiempo de lectura":"1 minuto"},"schema":{"@context":"https:\/\/schema.org","@graph":[{"@type":"WebPage","@id":"https:\/\/www.soparco.com\/es\/quienes-somos\/a-su-servicio\/","url":"https:\/\/www.soparco.com\/es\/quienes-somos\/a-su-servicio\/","name":"Unos equipos a su escucha - Soparco","isPartOf":{"@id":"https:\/\/www.soparco.com\/#website"},"primaryImageOfPage":{"@id":"https:\/\/www.soparco.com\/es\/quienes-somos\/a-su-servicio\/#primaryimage"},"image":{"@id":"https:\/\/www.soparco.com\/es\/quienes-somos\/a-su-servicio\/#primaryimage"},"thumbnailUrl":"https:\/\/www.soparco.com\/wp-content\/uploads\/2019\/07\/seminaire-2017-visite-Yves-Robin-27-2-2.jpg","datePublished":"2018-02-16T13:10:48+00:00","dateModified":"2021-02-22T11:10:32+00:00","breadcrumb":{"@id":"https:\/\/www.soparco.com\/es\/quienes-somos\/a-su-servicio\/#breadcrumb"},"inLanguage":"es","potentialAction":[{"@type":"ReadAction","target":["https:\/\/www.soparco.com\/es\/quienes-somos\/a-su-servicio\/"]}]},{"@type":"ImageObject","inLanguage":"es","@id":"https:\/\/www.soparco.com\/es\/quienes-somos\/a-su-servicio\/#primaryimage","url":"https:\/\/www.soparco.com\/wp-content\/uploads\/2019\/07\/seminaire-2017-visite-Yves-Robin-27-2-2.jpg","contentUrl":"https:\/\/www.soparco.com\/wp-content\/uploads\/2019\/07\/seminaire-2017-visite-Yves-Robin-27-2-2.jpg","width":2283,"height":1455},{"@type":"BreadcrumbList","@id":"https:\/\/www.soparco.com\/es\/quienes-somos\/a-su-servicio\/#breadcrumb","itemListElement":[{"@type":"ListItem","position":1,"name":"Accueil","item":"https:\/\/www.soparco.com\/"},{"@type":"ListItem","position":2,"name":"Medio siglo al servicio del mundo vegetal","item":"https:\/\/www.soparco.com\/es\/quienes-somos\/"},{"@type":"ListItem","position":3,"name":"Unos equipos a su escucha"}]},{"@type":"WebSite","@id":"https:\/\/www.soparco.com\/#website","url":"https:\/\/www.soparco.com\/","name":"Soparco","description":"Leader fran\u00e7ais du pot en plastique","potentialAction":[{"@type":"SearchAction","target":{"@type":"EntryPoint","urlTemplate":"https:\/\/www.soparco.com\/?s={search_term_string}"},"query-input":{"@type":"PropertyValueSpecification","valueRequired":true,"valueName":"search_term_string"}}],"inLanguage":"es"}]}},"_links":{"self":[{"href":"https:\/\/www.soparco.com\/es\/wp-json\/wp\/v2\/pages\/506","targetHints":{"allow":["GET"]}}],"collection":[{"href":"https:\/\/www.soparco.com\/es\/wp-json\/wp\/v2\/pages"}],"about":[{"href":"https:\/\/www.soparco.com\/es\/wp-json\/wp\/v2\/types\/page"}],"author":[{"embeddable":true,"href":"https:\/\/www.soparco.com\/es\/wp-json\/wp\/v2\/users\/1"}],"replies":[{"embeddable":true,"href":"https:\/\/www.soparco.com\/es\/wp-json\/wp\/v2\/comments?post=506"}],"version-history":[{"count":3,"href":"https:\/\/www.soparco.com\/es\/wp-json\/wp\/v2\/pages\/506\/revisions"}],"predecessor-version":[{"id":1551,"href":"https:\/\/www.soparco.com\/es\/wp-json\/wp\/v2\/pages\/506\/revisions\/1551"}],"up":[{"embeddable":true,"href":"https:\/\/www.soparco.com\/es\/wp-json\/wp\/v2\/pages\/492"}],"wp:featuredmedia":[{"embeddable":true,"href":"https:\/\/www.soparco.com\/es\/wp-json\/wp\/v2\/media\/1475"}],"wp:attachment":[{"href":"https:\/\/www.soparco.com\/es\/wp-json\/wp\/v2\/media?parent=506"}],"curies":[{"name":"wp","href":"https:\/\/api.w.org\/{rel}","templated":true}]}}