

{"id":510,"date":"2018-02-16T14:16:25","date_gmt":"2018-02-16T13:16:25","guid":{"rendered":"https:\/\/www.soparco.com\/?page_id=510"},"modified":"2021-02-22T12:10:41","modified_gmt":"2021-02-22T11:10:41","slug":"nuestra-iniciativa-eco-responsiable","status":"publish","type":"page","link":"https:\/\/www.soparco.com\/es\/quienes-somos\/nuestra-iniciativa-eco-responsiable\/","title":{"rendered":"La innovaci\u00f3n al servicio del medio ambiente"},"content":{"rendered":"<p>Los productos SOPARCO se inscriben en un proceso de fabricaci\u00f3n que respeta el principio de desarrollo sostenible.<\/p>\n<p>\u2022 Reducci\u00f3n del peso de las piezas producidas gracias a la aplicaci\u00f3n de las \u00faltimas innovaciones tecnol\u00f3gicas.<br \/>\n\u2022 Reducci\u00f3n del porcentaje de materiales v\u00edrgenes procedentes de recursos f\u00f3siles (una parte mayoritaria de los materiales pl\u00e1sticos utilizados procede de productos reciclados).<br \/>\n\u2022 Reducci\u00f3n del consumo de energ\u00eda.<br \/>\n\u2022 Reducci\u00f3n de los productos de embalaje.<\/p>\n<p>Proseguiremos nuestro desarrollo para proponer m\u00e1s productos procedentes de \u201cfuentes ecol\u00f3gicas\u201c.<\/p>\n<p><strong>Producir con materiales reciclados<\/strong><\/p>\n<p>Desde 1985, y con vistas a contribuir al desarrollo sostenible, nuestro proceso de producci\u00f3n de macetas de pl\u00e1stico utiliza un polipropileno procedente de materiales reciclados de todo tipo: embalajes alimentarios, farmac\u00e9uticos, tapones, piezas de autom\u00f3vil, juguetes\u2026 as\u00ed como todos nuestros descartes de producci\u00f3n.<br \/>\nBuscamos y nos aseguramos permanentemente las mejores fuentes de materias primas con el objetivo de respetar el medio ambiente y garantizar la m\u00e1s alta calidad de nuestros productos.<\/p>\n<p><strong>La clasificaci\u00f5n y el reciclado <\/strong><strong>de los residuos<\/strong><\/p>\n<p>Nuestros residuos de los embalajes procedentes de nuestra actividad de producci\u00f3n son clasificados y recogidos selectivamente con vista a su reciclado.<br \/>\nTodos los productos qu\u00edmicos (aceites, productos de limpieza usados&#8230;) tambi\u00e9n son recogidos por sociedades especializadas para su posterior reciclado.<\/p>\n<p><strong>Respetar el dispositivo \u201cHorti-eco\u201c de SOPARCO<\/strong><\/p>\n<p>La protecci\u00f3n del medio ambiente y el desarrollo sostenible forman parte de nuestras preocupaciones principales.<\/p>\n<p>Desde siempre, actuamos para reducir el impacto de nuestro proceso de fabricaci\u00f3n sobre el medio ambiente.<\/p>\n<p>Respetando el dispositivo Horti-eco en la producci\u00f3n de la maceta de pl\u00e1stico, SOPARCO demuestra que la maceta pl\u00e1stica reciclada sigue siendo un producto eco-responsable, adecuado a una iniciativa de desarrollo sostenible.<\/p>\n<p><strong>Utilizar materias de fuentes ecol\u00f3gicas<\/strong><\/p>\n<p>Siempre en l\u00ednea con los cambios en la industria, SOPARCO propone dos gamas de contenedores fabricados con materias procedentes \u201cde fuentes ecol\u00f3gicas\u201c de origen vegetal.<\/p>\n<p>Entre los materiales que utilizamos, damos preferencia a aquellos con un proceso de fabricaci\u00f3n menos agresivo para el medio ambiente y que compitan lo menos posible con nuestras necesidades alimentarias. Estas gamas de productos ofrecen una alternativa a los productores hort\u00edcolas que deseen adoptar una iniciativa ecol\u00f3gica global.<\/p>\n","protected":false},"excerpt":{"rendered":"<p>Los productos SOPARCO se inscriben en un proceso de fabricaci\u00f3n que respeta el principio de desarrollo sostenible. \u2022 Reducci\u00f3n del peso de las piezas producidas gracias a la aplicaci\u00f3n de las \u00faltimas innovaciones tecnol\u00f3gicas. \u2022 Reducci\u00f3n del porcentaje de materiales v\u00edrgenes procedentes de recursos f\u00f3siles (una parte mayoritaria de los materiales pl\u00e1sticos utilizados procede de [&hellip;]<\/p>\n","protected":false},"author":1,"featured_media":3080,"parent":492,"menu_order":3,"comment_status":"closed","ping_status":"closed","template":"","meta":{"_acf_changed":false,"footnotes":""},"class_list":["post-510","page","type-page","status-publish","has-post-thumbnail","hentry"],"acf":[],"yoast_head":"<!-- This site is optimized with the Yoast SEO plugin v27.2 - https:\/\/yoast.com\/product\/yoast-seo-wordpress\/ -->\n<title>La innovaci\u00f3n al servicio del medio ambiente - Soparco<\/title>\n<meta name=\"robots\" content=\"index, follow, max-snippet:-1, max-image-preview:large, max-video-preview:-1\" \/>\n<link rel=\"canonical\" href=\"https:\/\/www.soparco.com\/es\/quienes-somos\/nuestra-iniciativa-eco-responsiable\/\" \/>\n<meta property=\"og:locale\" content=\"es_ES\" \/>\n<meta property=\"og:type\" content=\"article\" \/>\n<meta property=\"og:title\" content=\"La innovaci\u00f3n al servicio del medio ambiente - Soparco\" \/>\n<meta property=\"og:description\" content=\"Los productos SOPARCO se inscriben en un proceso de fabricaci\u00f3n que respeta el principio de desarrollo sostenible. \u2022 Reducci\u00f3n del peso de las piezas producidas gracias a la aplicaci\u00f3n de las \u00faltimas innovaciones tecnol\u00f3gicas. \u2022 Reducci\u00f3n del porcentaje de materiales v\u00edrgenes procedentes de recursos f\u00f3siles (una parte mayoritaria de los materiales pl\u00e1sticos utilizados procede de [&hellip;]\" \/>\n<meta property=\"og:url\" content=\"https:\/\/www.soparco.com\/es\/quienes-somos\/nuestra-iniciativa-eco-responsiable\/\" \/>\n<meta property=\"og:site_name\" content=\"Soparco\" \/>\n<meta property=\"article:modified_time\" content=\"2021-02-22T11:10:41+00:00\" \/>\n<meta property=\"og:image\" content=\"https:\/\/www.soparco.com\/wp-content\/uploads\/2021\/02\/Page-2-photo-matiere-1920x1277.jpg\" \/>\n\t<meta property=\"og:image:width\" content=\"1920\" \/>\n\t<meta property=\"og:image:height\" content=\"1277\" \/>\n\t<meta property=\"og:image:type\" content=\"image\/jpeg\" \/>\n<meta name=\"twitter:card\" content=\"summary_large_image\" \/>\n<meta name=\"twitter:label1\" content=\"Tiempo de lectura\" \/>\n\t<meta name=\"twitter:data1\" content=\"2 minutos\" \/>\n<script type=\"application\/ld+json\" class=\"yoast-schema-graph\">{\"@context\":\"https:\/\/schema.org\",\"@graph\":[{\"@type\":\"WebPage\",\"@id\":\"https:\/\/www.soparco.com\/es\/quienes-somos\/nuestra-iniciativa-eco-responsiable\/\",\"url\":\"https:\/\/www.soparco.com\/es\/quienes-somos\/nuestra-iniciativa-eco-responsiable\/\",\"name\":\"La innovaci\u00f3n al servicio del medio ambiente - Soparco\",\"isPartOf\":{\"@id\":\"https:\/\/www.soparco.com\/#website\"},\"primaryImageOfPage\":{\"@id\":\"https:\/\/www.soparco.com\/es\/quienes-somos\/nuestra-iniciativa-eco-responsiable\/#primaryimage\"},\"image\":{\"@id\":\"https:\/\/www.soparco.com\/es\/quienes-somos\/nuestra-iniciativa-eco-responsiable\/#primaryimage\"},\"thumbnailUrl\":\"https:\/\/www.soparco.com\/wp-content\/uploads\/2021\/02\/Page-2-photo-matiere.jpg\",\"datePublished\":\"2018-02-16T13:16:25+00:00\",\"dateModified\":\"2021-02-22T11:10:41+00:00\",\"breadcrumb\":{\"@id\":\"https:\/\/www.soparco.com\/es\/quienes-somos\/nuestra-iniciativa-eco-responsiable\/#breadcrumb\"},\"inLanguage\":\"es\",\"potentialAction\":[{\"@type\":\"ReadAction\",\"target\":[\"https:\/\/www.soparco.com\/es\/quienes-somos\/nuestra-iniciativa-eco-responsiable\/\"]}]},{\"@type\":\"ImageObject\",\"inLanguage\":\"es\",\"@id\":\"https:\/\/www.soparco.com\/es\/quienes-somos\/nuestra-iniciativa-eco-responsiable\/#primaryimage\",\"url\":\"https:\/\/www.soparco.com\/wp-content\/uploads\/2021\/02\/Page-2-photo-matiere.jpg\",\"contentUrl\":\"https:\/\/www.soparco.com\/wp-content\/uploads\/2021\/02\/Page-2-photo-matiere.jpg\",\"width\":2560,\"height\":1702},{\"@type\":\"BreadcrumbList\",\"@id\":\"https:\/\/www.soparco.com\/es\/quienes-somos\/nuestra-iniciativa-eco-responsiable\/#breadcrumb\",\"itemListElement\":[{\"@type\":\"ListItem\",\"position\":1,\"name\":\"Accueil\",\"item\":\"https:\/\/www.soparco.com\/\"},{\"@type\":\"ListItem\",\"position\":2,\"name\":\"Medio siglo al servicio del mundo vegetal\",\"item\":\"https:\/\/www.soparco.com\/es\/quienes-somos\/\"},{\"@type\":\"ListItem\",\"position\":3,\"name\":\"La innovaci\u00f3n al servicio del medio ambiente\"}]},{\"@type\":\"WebSite\",\"@id\":\"https:\/\/www.soparco.com\/#website\",\"url\":\"https:\/\/www.soparco.com\/\",\"name\":\"Soparco\",\"description\":\"Leader fran\u00e7ais du pot en plastique\",\"potentialAction\":[{\"@type\":\"SearchAction\",\"target\":{\"@type\":\"EntryPoint\",\"urlTemplate\":\"https:\/\/www.soparco.com\/?s={search_term_string}\"},\"query-input\":{\"@type\":\"PropertyValueSpecification\",\"valueRequired\":true,\"valueName\":\"search_term_string\"}}],\"inLanguage\":\"es\"}]}<\/script>\n<!-- \/ Yoast SEO plugin. -->","yoast_head_json":{"title":"La innovaci\u00f3n al servicio del medio ambiente - Soparco","robots":{"index":"index","follow":"follow","max-snippet":"max-snippet:-1","max-image-preview":"max-image-preview:large","max-video-preview":"max-video-preview:-1"},"canonical":"https:\/\/www.soparco.com\/es\/quienes-somos\/nuestra-iniciativa-eco-responsiable\/","og_locale":"es_ES","og_type":"article","og_title":"La innovaci\u00f3n al servicio del medio ambiente - Soparco","og_description":"Los productos SOPARCO se inscriben en un proceso de fabricaci\u00f3n que respeta el principio de desarrollo sostenible. \u2022 Reducci\u00f3n del peso de las piezas producidas gracias a la aplicaci\u00f3n de las \u00faltimas innovaciones tecnol\u00f3gicas. \u2022 Reducci\u00f3n del porcentaje de materiales v\u00edrgenes procedentes de recursos f\u00f3siles (una parte mayoritaria de los materiales pl\u00e1sticos utilizados procede de [&hellip;]","og_url":"https:\/\/www.soparco.com\/es\/quienes-somos\/nuestra-iniciativa-eco-responsiable\/","og_site_name":"Soparco","article_modified_time":"2021-02-22T11:10:41+00:00","og_image":[{"width":1920,"height":1277,"url":"https:\/\/www.soparco.com\/wp-content\/uploads\/2021\/02\/Page-2-photo-matiere-1920x1277.jpg","type":"image\/jpeg"}],"twitter_card":"summary_large_image","twitter_misc":{"Tiempo de lectura":"2 minutos"},"schema":{"@context":"https:\/\/schema.org","@graph":[{"@type":"WebPage","@id":"https:\/\/www.soparco.com\/es\/quienes-somos\/nuestra-iniciativa-eco-responsiable\/","url":"https:\/\/www.soparco.com\/es\/quienes-somos\/nuestra-iniciativa-eco-responsiable\/","name":"La innovaci\u00f3n al servicio del medio ambiente - Soparco","isPartOf":{"@id":"https:\/\/www.soparco.com\/#website"},"primaryImageOfPage":{"@id":"https:\/\/www.soparco.com\/es\/quienes-somos\/nuestra-iniciativa-eco-responsiable\/#primaryimage"},"image":{"@id":"https:\/\/www.soparco.com\/es\/quienes-somos\/nuestra-iniciativa-eco-responsiable\/#primaryimage"},"thumbnailUrl":"https:\/\/www.soparco.com\/wp-content\/uploads\/2021\/02\/Page-2-photo-matiere.jpg","datePublished":"2018-02-16T13:16:25+00:00","dateModified":"2021-02-22T11:10:41+00:00","breadcrumb":{"@id":"https:\/\/www.soparco.com\/es\/quienes-somos\/nuestra-iniciativa-eco-responsiable\/#breadcrumb"},"inLanguage":"es","potentialAction":[{"@type":"ReadAction","target":["https:\/\/www.soparco.com\/es\/quienes-somos\/nuestra-iniciativa-eco-responsiable\/"]}]},{"@type":"ImageObject","inLanguage":"es","@id":"https:\/\/www.soparco.com\/es\/quienes-somos\/nuestra-iniciativa-eco-responsiable\/#primaryimage","url":"https:\/\/www.soparco.com\/wp-content\/uploads\/2021\/02\/Page-2-photo-matiere.jpg","contentUrl":"https:\/\/www.soparco.com\/wp-content\/uploads\/2021\/02\/Page-2-photo-matiere.jpg","width":2560,"height":1702},{"@type":"BreadcrumbList","@id":"https:\/\/www.soparco.com\/es\/quienes-somos\/nuestra-iniciativa-eco-responsiable\/#breadcrumb","itemListElement":[{"@type":"ListItem","position":1,"name":"Accueil","item":"https:\/\/www.soparco.com\/"},{"@type":"ListItem","position":2,"name":"Medio siglo al servicio del mundo vegetal","item":"https:\/\/www.soparco.com\/es\/quienes-somos\/"},{"@type":"ListItem","position":3,"name":"La innovaci\u00f3n al servicio del medio ambiente"}]},{"@type":"WebSite","@id":"https:\/\/www.soparco.com\/#website","url":"https:\/\/www.soparco.com\/","name":"Soparco","description":"Leader fran\u00e7ais du pot en plastique","potentialAction":[{"@type":"SearchAction","target":{"@type":"EntryPoint","urlTemplate":"https:\/\/www.soparco.com\/?s={search_term_string}"},"query-input":{"@type":"PropertyValueSpecification","valueRequired":true,"valueName":"search_term_string"}}],"inLanguage":"es"}]}},"_links":{"self":[{"href":"https:\/\/www.soparco.com\/es\/wp-json\/wp\/v2\/pages\/510","targetHints":{"allow":["GET"]}}],"collection":[{"href":"https:\/\/www.soparco.com\/es\/wp-json\/wp\/v2\/pages"}],"about":[{"href":"https:\/\/www.soparco.com\/es\/wp-json\/wp\/v2\/types\/page"}],"author":[{"embeddable":true,"href":"https:\/\/www.soparco.com\/es\/wp-json\/wp\/v2\/users\/1"}],"replies":[{"embeddable":true,"href":"https:\/\/www.soparco.com\/es\/wp-json\/wp\/v2\/comments?post=510"}],"version-history":[{"count":4,"href":"https:\/\/www.soparco.com\/es\/wp-json\/wp\/v2\/pages\/510\/revisions"}],"predecessor-version":[{"id":1553,"href":"https:\/\/www.soparco.com\/es\/wp-json\/wp\/v2\/pages\/510\/revisions\/1553"}],"up":[{"embeddable":true,"href":"https:\/\/www.soparco.com\/es\/wp-json\/wp\/v2\/pages\/492"}],"wp:featuredmedia":[{"embeddable":true,"href":"https:\/\/www.soparco.com\/es\/wp-json\/wp\/v2\/media\/3080"}],"wp:attachment":[{"href":"https:\/\/www.soparco.com\/es\/wp-json\/wp\/v2\/media?parent=510"}],"curies":[{"name":"wp","href":"https:\/\/api.w.org\/{rel}","templated":true}]}}