

{"id":542,"date":"2018-03-06T09:37:10","date_gmt":"2018-03-06T08:37:10","guid":{"rendered":"https:\/\/www.soparco.com\/?page_id=542"},"modified":"2021-03-03T12:02:53","modified_gmt":"2021-03-03T11:02:53","slug":"novedades","status":"publish","type":"page","link":"https:\/\/www.soparco.com\/es\/novedades\/","title":{"rendered":"Novedades"},"content":{"rendered":"<p style=\"text-align: left;\">Durante todo el a\u00f1o innovamos para aportar las mejores soluciones posibles a las necesidades de los horticultores. Mantenemos una inversi\u00f3n importante con las nuevas tecnolog\u00edas para ofrecer numerosas novedades.<\/p>\n<p style=\"text-align: left;\">Nuestras novedades en la mayor\u00eda de los casos son fruto de una estrecha colaboraci\u00f3n con nuestros clientes y aportan soluciones tanto a nivel t\u00e9cnico como log\u00edstica o marketing.<\/p>\n\n\n<p class=\"has-text-align-center has-luminous-vivid-orange-color has-text-color\"><a href=\"https:\/\/www.soparco.com\/wp-content\/uploads\/2021\/01\/Soparco_nouveautes_ES-1.pdf\">Encontrar\u00e9is en este foletto una visi\u00f3n de<br>nuestros \u00faltimas produktos<\/a><\/p>\n","protected":false},"excerpt":{"rendered":"<p>Durante todo el a\u00f1o innovamos para aportar las mejores soluciones posibles a las necesidades de los horticultores. Mantenemos una inversi\u00f3n importante con las nuevas tecnolog\u00edas para ofrecer numerosas novedades. Nuestras novedades en la mayor\u00eda de los casos son fruto de una estrecha colaboraci\u00f3n con nuestros clientes y aportan soluciones tanto a nivel t\u00e9cnico como log\u00edstica [&hellip;]<\/p>\n","protected":false},"author":1,"featured_media":0,"parent":0,"menu_order":0,"comment_status":"closed","ping_status":"closed","template":"page-nouveautes.php","meta":{"_acf_changed":false,"footnotes":""},"class_list":["post-542","page","type-page","status-publish","hentry"],"acf":[],"yoast_head":"<!-- This site is optimized with the Yoast SEO plugin v27.2 - https:\/\/yoast.com\/product\/yoast-seo-wordpress\/ -->\n<title>Novedades - Soparco<\/title>\n<meta name=\"robots\" content=\"index, follow, max-snippet:-1, max-image-preview:large, max-video-preview:-1\" \/>\n<link rel=\"canonical\" href=\"https:\/\/www.soparco.com\/es\/novedades\/\" \/>\n<meta property=\"og:locale\" content=\"es_ES\" \/>\n<meta property=\"og:type\" content=\"article\" \/>\n<meta property=\"og:title\" content=\"Novedades - Soparco\" \/>\n<meta property=\"og:description\" content=\"Durante todo el a\u00f1o innovamos para aportar las mejores soluciones posibles a las necesidades de los horticultores. Mantenemos una inversi\u00f3n importante con las nuevas tecnolog\u00edas para ofrecer numerosas novedades. Nuestras novedades en la mayor\u00eda de los casos son fruto de una estrecha colaboraci\u00f3n con nuestros clientes y aportan soluciones tanto a nivel t\u00e9cnico como log\u00edstica [&hellip;]\" \/>\n<meta property=\"og:url\" content=\"https:\/\/www.soparco.com\/es\/novedades\/\" \/>\n<meta property=\"og:site_name\" content=\"Soparco\" \/>\n<meta property=\"article:modified_time\" content=\"2021-03-03T11:02:53+00:00\" \/>\n<meta name=\"twitter:card\" content=\"summary_large_image\" \/>\n<meta name=\"twitter:label1\" content=\"Tiempo de lectura\" \/>\n\t<meta name=\"twitter:data1\" content=\"1 minuto\" \/>\n<script type=\"application\/ld+json\" class=\"yoast-schema-graph\">{\"@context\":\"https:\/\/schema.org\",\"@graph\":[{\"@type\":\"WebPage\",\"@id\":\"https:\/\/www.soparco.com\/es\/novedades\/\",\"url\":\"https:\/\/www.soparco.com\/es\/novedades\/\",\"name\":\"Novedades - Soparco\",\"isPartOf\":{\"@id\":\"https:\/\/www.soparco.com\/#website\"},\"datePublished\":\"2018-03-06T08:37:10+00:00\",\"dateModified\":\"2021-03-03T11:02:53+00:00\",\"breadcrumb\":{\"@id\":\"https:\/\/www.soparco.com\/es\/novedades\/#breadcrumb\"},\"inLanguage\":\"es\",\"potentialAction\":[{\"@type\":\"ReadAction\",\"target\":[\"https:\/\/www.soparco.com\/es\/novedades\/\"]}]},{\"@type\":\"BreadcrumbList\",\"@id\":\"https:\/\/www.soparco.com\/es\/novedades\/#breadcrumb\",\"itemListElement\":[{\"@type\":\"ListItem\",\"position\":1,\"name\":\"Accueil\",\"item\":\"https:\/\/www.soparco.com\/\"},{\"@type\":\"ListItem\",\"position\":2,\"name\":\"Novedades\"}]},{\"@type\":\"WebSite\",\"@id\":\"https:\/\/www.soparco.com\/#website\",\"url\":\"https:\/\/www.soparco.com\/\",\"name\":\"Soparco\",\"description\":\"Leader fran\u00e7ais du pot en plastique\",\"potentialAction\":[{\"@type\":\"SearchAction\",\"target\":{\"@type\":\"EntryPoint\",\"urlTemplate\":\"https:\/\/www.soparco.com\/?s={search_term_string}\"},\"query-input\":{\"@type\":\"PropertyValueSpecification\",\"valueRequired\":true,\"valueName\":\"search_term_string\"}}],\"inLanguage\":\"es\"}]}<\/script>\n<!-- \/ Yoast SEO plugin. -->","yoast_head_json":{"title":"Novedades - Soparco","robots":{"index":"index","follow":"follow","max-snippet":"max-snippet:-1","max-image-preview":"max-image-preview:large","max-video-preview":"max-video-preview:-1"},"canonical":"https:\/\/www.soparco.com\/es\/novedades\/","og_locale":"es_ES","og_type":"article","og_title":"Novedades - Soparco","og_description":"Durante todo el a\u00f1o innovamos para aportar las mejores soluciones posibles a las necesidades de los horticultores. Mantenemos una inversi\u00f3n importante con las nuevas tecnolog\u00edas para ofrecer numerosas novedades. Nuestras novedades en la mayor\u00eda de los casos son fruto de una estrecha colaboraci\u00f3n con nuestros clientes y aportan soluciones tanto a nivel t\u00e9cnico como log\u00edstica [&hellip;]","og_url":"https:\/\/www.soparco.com\/es\/novedades\/","og_site_name":"Soparco","article_modified_time":"2021-03-03T11:02:53+00:00","twitter_card":"summary_large_image","twitter_misc":{"Tiempo de lectura":"1 minuto"},"schema":{"@context":"https:\/\/schema.org","@graph":[{"@type":"WebPage","@id":"https:\/\/www.soparco.com\/es\/novedades\/","url":"https:\/\/www.soparco.com\/es\/novedades\/","name":"Novedades - Soparco","isPartOf":{"@id":"https:\/\/www.soparco.com\/#website"},"datePublished":"2018-03-06T08:37:10+00:00","dateModified":"2021-03-03T11:02:53+00:00","breadcrumb":{"@id":"https:\/\/www.soparco.com\/es\/novedades\/#breadcrumb"},"inLanguage":"es","potentialAction":[{"@type":"ReadAction","target":["https:\/\/www.soparco.com\/es\/novedades\/"]}]},{"@type":"BreadcrumbList","@id":"https:\/\/www.soparco.com\/es\/novedades\/#breadcrumb","itemListElement":[{"@type":"ListItem","position":1,"name":"Accueil","item":"https:\/\/www.soparco.com\/"},{"@type":"ListItem","position":2,"name":"Novedades"}]},{"@type":"WebSite","@id":"https:\/\/www.soparco.com\/#website","url":"https:\/\/www.soparco.com\/","name":"Soparco","description":"Leader fran\u00e7ais du pot en plastique","potentialAction":[{"@type":"SearchAction","target":{"@type":"EntryPoint","urlTemplate":"https:\/\/www.soparco.com\/?s={search_term_string}"},"query-input":{"@type":"PropertyValueSpecification","valueRequired":true,"valueName":"search_term_string"}}],"inLanguage":"es"}]}},"_links":{"self":[{"href":"https:\/\/www.soparco.com\/es\/wp-json\/wp\/v2\/pages\/542","targetHints":{"allow":["GET"]}}],"collection":[{"href":"https:\/\/www.soparco.com\/es\/wp-json\/wp\/v2\/pages"}],"about":[{"href":"https:\/\/www.soparco.com\/es\/wp-json\/wp\/v2\/types\/page"}],"author":[{"embeddable":true,"href":"https:\/\/www.soparco.com\/es\/wp-json\/wp\/v2\/users\/1"}],"replies":[{"embeddable":true,"href":"https:\/\/www.soparco.com\/es\/wp-json\/wp\/v2\/comments?post=542"}],"version-history":[{"count":3,"href":"https:\/\/www.soparco.com\/es\/wp-json\/wp\/v2\/pages\/542\/revisions"}],"predecessor-version":[{"id":3213,"href":"https:\/\/www.soparco.com\/es\/wp-json\/wp\/v2\/pages\/542\/revisions\/3213"}],"wp:attachment":[{"href":"https:\/\/www.soparco.com\/es\/wp-json\/wp\/v2\/media?parent=542"}],"curies":[{"name":"wp","href":"https:\/\/api.w.org\/{rel}","templated":true}]}}